{"id":14497,"date":"2024-05-05T14:47:23","date_gmt":"2024-05-05T12:47:23","guid":{"rendered":"https:\/\/kademo.store\/product\/originaler-bauhaus-stahlrohr-tisch-mit-4-stuehlen\/"},"modified":"2025-10-08T11:07:20","modified_gmt":"2025-10-08T09:07:20","slug":"originaler-bauhaus-stahlrohr-tisch-mit-4-stuehlen","status":"publish","type":"product","link":"https:\/\/kademo.store\/de\/produkt\/originaler-bauhaus-stahlrohr-tisch-mit-4-stuehlen\/","title":{"rendered":"Original Bauhaus Stahlrohrtisch mit 4 St\u00fchlen"},"content":{"rendered":"<p>Die angebotene seltene Alfons Mauser M\u00f6belgruppe im Bauhaus-Stil enth\u00e4lt einen Tisch mit vier St\u00fchlen.<\/p><p>Alle St\u00fccke sind in einem guten Originalzustand und haben die originale ochsenblutrote Fassung.<\/p>","protected":false},"excerpt":{"rendered":"Die angebotene seltene Alfons Mauser M\u00f6belgruppe im Bauhaus-Stil enth\u00e4lt einen Tisch mit vier St\u00fchlen. Alle St\u00fccke sind in einem guten Originalzustand und haben die originale ochsenblutrote Fassung.","protected":false},"featured_media":14498,"template":"","tags":[],"product-category":[352,363],"product-country":[360],"product-designer":[368],"product-manufacturer":[364],"product-series":[],"product-style":[350],"class_list":["post-14497","product","type-product","status-publish","has-post-thumbnail","hentry","product-category-stuehle-sessel","product-category-tische","product-country-deutschland","product-designer-mart-stam","product-manufacturer-alfons-mauser-werke-waldeck","product-style-bauhaus"],"acf":[],"aioseo_notices":[],"_links":{"self":[{"href":"https:\/\/kademo.store\/de\/wp-json\/wp\/v2\/product\/14497","targetHints":{"allow":["GET"]}}],"collection":[{"href":"https:\/\/kademo.store\/de\/wp-json\/wp\/v2\/product"}],"about":[{"href":"https:\/\/kademo.store\/de\/wp-json\/wp\/v2\/types\/product"}],"version-history":[{"count":1,"href":"https:\/\/kademo.store\/de\/wp-json\/wp\/v2\/product\/14497\/revisions"}],"predecessor-version":[{"id":14664,"href":"https:\/\/kademo.store\/de\/wp-json\/wp\/v2\/product\/14497\/revisions\/14664"}],"wp:featuredmedia":[{"embeddable":true,"href":"https:\/\/kademo.store\/de\/wp-json\/wp\/v2\/media\/14498"}],"wp:attachment":[{"href":"https:\/\/kademo.store\/de\/wp-json\/wp\/v2\/media?parent=14497"}],"wp:term":[{"taxonomy":"post_tag","embeddable":true,"href":"https:\/\/kademo.store\/de\/wp-json\/wp\/v2\/tags?post=14497"},{"taxonomy":"product-category","embeddable":true,"href":"https:\/\/kademo.store\/de\/wp-json\/wp\/v2\/product-category?post=14497"},{"taxonomy":"product-country","embeddable":true,"href":"https:\/\/kademo.store\/de\/wp-json\/wp\/v2\/product-country?post=14497"},{"taxonomy":"product-designer","embeddable":true,"href":"https:\/\/kademo.store\/de\/wp-json\/wp\/v2\/product-designer?post=14497"},{"taxonomy":"product-manufacturer","embeddable":true,"href":"https:\/\/kademo.store\/de\/wp-json\/wp\/v2\/product-manufacturer?post=14497"},{"taxonomy":"product-series","embeddable":true,"href":"https:\/\/kademo.store\/de\/wp-json\/wp\/v2\/product-series?post=14497"},{"taxonomy":"product-style","embeddable":true,"href":"https:\/\/kademo.store\/de\/wp-json\/wp\/v2\/product-style?post=14497"}],"curies":[{"name":"wp","href":"https:\/\/api.w.org\/{rel}","templated":true}]}}