{"id":17232,"date":"2025-01-09T14:34:03","date_gmt":"2025-01-09T13:34:03","guid":{"rendered":"https:\/\/kademo.store\/product\/mart-stam-b43-freischwinger-thonet-mundus-1930s-103\/"},"modified":"2025-10-08T11:07:29","modified_gmt":"2025-10-08T09:07:29","slug":"mart-stam-b43-freischwinger-thonet-mundus-1930s-103","status":"publish","type":"product","link":"https:\/\/kademo.store\/de\/produkt\/mart-stam-b43-freischwinger-thonet-mundus-1930s-103\/","title":{"rendered":"Mart Stam B43 Freischwinger &#8211; 1930er Jahre Thonet Mundus Stahlrohr Design"},"content":{"rendered":"<p>Modell B43, entworfen von Mart Stam und hergestellt von Thonet Mundus in den 1930er Jahren. Die Holzoberfl\u00e4chen wurden fachm\u00e4nnisch in charakteristischen Farben der 1930er Jahre nachlackiert. Diese St\u00fchle, in den Thonet-Mundus-Verkaufskatalogen der 1930er Jahre unter der Modellnummer B43 aufgef\u00fchrt, gelten als eine der bedeutendsten Errungenschaften der Bauhaus-\u00c4ra, sowohl in Bezug auf technische Innovation, als auch auf herausragendes Design.<\/p>","protected":false},"excerpt":{"rendered":"Entdecken Sie den Mart Stam B43 Freischwinger, ein Design von Thonet Mundus aus den 1930er Jahren. Fachm\u00e4nnisch aufgearbeitete Holzoberfl\u00e4chen in klassischen 1930er-Jahre-T\u00f6nen, die zeitlose Eleganz bieten.","protected":false},"featured_media":17233,"template":"","tags":[],"product-category":[352],"product-country":[],"product-designer":[368],"product-manufacturer":[],"product-series":[],"product-style":[350],"class_list":["post-17232","product","type-product","status-publish","has-post-thumbnail","hentry","product-category-stuehle-sessel","product-designer-mart-stam","product-style-bauhaus"],"acf":[],"aioseo_notices":[],"_links":{"self":[{"href":"https:\/\/kademo.store\/de\/wp-json\/wp\/v2\/product\/17232","targetHints":{"allow":["GET"]}}],"collection":[{"href":"https:\/\/kademo.store\/de\/wp-json\/wp\/v2\/product"}],"about":[{"href":"https:\/\/kademo.store\/de\/wp-json\/wp\/v2\/types\/product"}],"version-history":[{"count":1,"href":"https:\/\/kademo.store\/de\/wp-json\/wp\/v2\/product\/17232\/revisions"}],"predecessor-version":[{"id":19273,"href":"https:\/\/kademo.store\/de\/wp-json\/wp\/v2\/product\/17232\/revisions\/19273"}],"wp:featuredmedia":[{"embeddable":true,"href":"https:\/\/kademo.store\/de\/wp-json\/wp\/v2\/media\/17233"}],"wp:attachment":[{"href":"https:\/\/kademo.store\/de\/wp-json\/wp\/v2\/media?parent=17232"}],"wp:term":[{"taxonomy":"post_tag","embeddable":true,"href":"https:\/\/kademo.store\/de\/wp-json\/wp\/v2\/tags?post=17232"},{"taxonomy":"product-category","embeddable":true,"href":"https:\/\/kademo.store\/de\/wp-json\/wp\/v2\/product-category?post=17232"},{"taxonomy":"product-country","embeddable":true,"href":"https:\/\/kademo.store\/de\/wp-json\/wp\/v2\/product-country?post=17232"},{"taxonomy":"product-designer","embeddable":true,"href":"https:\/\/kademo.store\/de\/wp-json\/wp\/v2\/product-designer?post=17232"},{"taxonomy":"product-manufacturer","embeddable":true,"href":"https:\/\/kademo.store\/de\/wp-json\/wp\/v2\/product-manufacturer?post=17232"},{"taxonomy":"product-series","embeddable":true,"href":"https:\/\/kademo.store\/de\/wp-json\/wp\/v2\/product-series?post=17232"},{"taxonomy":"product-style","embeddable":true,"href":"https:\/\/kademo.store\/de\/wp-json\/wp\/v2\/product-style?post=17232"}],"curies":[{"name":"wp","href":"https:\/\/api.w.org\/{rel}","templated":true}]}}