{"id":21056,"date":"2025-05-07T10:04:17","date_gmt":"2025-05-07T08:04:17","guid":{"rendered":"https:\/\/kademo.store\/product\/sistrah-megaphos-t2-tischleuchte-gelb-1930s-141\/"},"modified":"2025-10-08T11:07:32","modified_gmt":"2025-10-08T09:07:32","slug":"sistrah-megaphos-t2-tischleuchte-gelb-1930s-141","status":"publish","type":"product","link":"https:\/\/kademo.store\/de\/produkt\/sistrah-megaphos-t2-tischleuchte-gelb-1930s-141\/","title":{"rendered":"Sistra Megaphos T2 Schreibtischlampe &#8211; Deutsche Moderne 1932"},"content":{"rendered":"<p>Die Marke Sistrah wurde in den 1920er Jahren gegr\u00fcndet und spezialisierte sich schnell auf innovative Beleuchtungstechnik. Der Durchbruch gelang ihnen mit Lampen, die blendfreies Licht mit maximaler Leuchtkraft perfekt kombinieren.<\/p><p>Die hier angebotene Lampe ist das Original T2 &#8222;Megaphos&#8220; Modell, das von C.F. Otto M\u00fcller um 1932 f\u00fcr die Sistrah Licht GmbH in Stuttgart entworfen wurde.<\/p><p>Die Leuchte z\u00e4hlt zu den bedeutendsten Beleuchtungsobjekten der Deutschen Moderne und \u00fcberzeugt durch ihr technisches Konzept ebenso wie durch ihre skulpturale Pr\u00e4senz.<\/p><p>Das unverwechselbare Beleuchtungssystem besteht aus einem gestuften Klarglasdiffusor mit eingebetteten opalwei\u00dfen Ringen, gepaart mit einem sonnengelb \u00fcberfangenen oberen Schirm. Diese Glaskonstruktion sorgt f\u00fcr blendfreies Licht und b\u00fcndelt gleichzeitig eine starke Beleuchtung nach unten. Der Lichtwinkel kann \u00fcber Fl\u00fcgelschrauben am Reflektor eingestellt werden.<\/p><p>Die \u00fcbrigen Komponenten sind aus vernickeltem Messing und poliertem Stahl gefertigt. Die T2 wurde als exklusive Schreibtischleuchte f\u00fcr Wohn- und B\u00fcror\u00e4ume entworfen und verk\u00f6rpert Pr\u00e4zision und Funktion.<\/p><p>Das hier gezeigte Exemplar befindet sich im originalem Zustand und zeichnet sich durch seine Sch\u00f6nheit museale Qualit\u00e4t aus.<\/p><p>Ein St\u00fcck Lichtgeschichte aus der fr\u00fchen Moderne \u2013 funktional gedacht, pr\u00e4zise gefertigt.<\/p><p><a href=\"http:\/\/www.sistrah.de\/historie\/KatalogSistrah1932-deutsch.pdf\" target=\"_blank\" rel=\"noopener\"><strong>http:\/\/www.sistrah.de\/historie\/KatalogSistrah1932-deutsch.pdf<\/strong><\/a><\/p>","protected":false},"excerpt":{"rendered":"Seltene originale Sistrah T2 \u201cMegaphos\u201d Schreibtischlampe, entworfen von Otto M\u00fcller um 1932. Mit sonnengelbem \u00fcberfangenem Glas und gestuftem Diffusor \u2013 ein Wahrzeichen der deutschen Moderne.","protected":false},"featured_media":21057,"template":"","tags":[847,844,902,1032,941],"product-category":[392],"product-country":[360],"product-designer":[394],"product-manufacturer":[393],"product-series":[],"product-style":[365],"class_list":["post-21056","product","type-product","status-publish","has-post-thumbnail","hentry","tag-1930s","tag-bauhaus","tag-design-classic","tag-german-modernism","tag-nickel-plated-brass","product-category-lampen","product-country-deutschland","product-designer-c-f-otto-muller","product-manufacturer-doria-werk-walter-donner-gmbh","product-style-bauhaus-modernism"],"acf":[],"aioseo_notices":[],"_links":{"self":[{"href":"https:\/\/kademo.store\/de\/wp-json\/wp\/v2\/product\/21056","targetHints":{"allow":["GET"]}}],"collection":[{"href":"https:\/\/kademo.store\/de\/wp-json\/wp\/v2\/product"}],"about":[{"href":"https:\/\/kademo.store\/de\/wp-json\/wp\/v2\/types\/product"}],"version-history":[{"count":1,"href":"https:\/\/kademo.store\/de\/wp-json\/wp\/v2\/product\/21056\/revisions"}],"predecessor-version":[{"id":22495,"href":"https:\/\/kademo.store\/de\/wp-json\/wp\/v2\/product\/21056\/revisions\/22495"}],"wp:featuredmedia":[{"embeddable":true,"href":"https:\/\/kademo.store\/de\/wp-json\/wp\/v2\/media\/21057"}],"wp:attachment":[{"href":"https:\/\/kademo.store\/de\/wp-json\/wp\/v2\/media?parent=21056"}],"wp:term":[{"taxonomy":"post_tag","embeddable":true,"href":"https:\/\/kademo.store\/de\/wp-json\/wp\/v2\/tags?post=21056"},{"taxonomy":"product-category","embeddable":true,"href":"https:\/\/kademo.store\/de\/wp-json\/wp\/v2\/product-category?post=21056"},{"taxonomy":"product-country","embeddable":true,"href":"https:\/\/kademo.store\/de\/wp-json\/wp\/v2\/product-country?post=21056"},{"taxonomy":"product-designer","embeddable":true,"href":"https:\/\/kademo.store\/de\/wp-json\/wp\/v2\/product-designer?post=21056"},{"taxonomy":"product-manufacturer","embeddable":true,"href":"https:\/\/kademo.store\/de\/wp-json\/wp\/v2\/product-manufacturer?post=21056"},{"taxonomy":"product-series","embeddable":true,"href":"https:\/\/kademo.store\/de\/wp-json\/wp\/v2\/product-series?post=21056"},{"taxonomy":"product-style","embeddable":true,"href":"https:\/\/kademo.store\/de\/wp-json\/wp\/v2\/product-style?post=21056"}],"curies":[{"name":"wp","href":"https:\/\/api.w.org\/{rel}","templated":true}]}}