{"id":21190,"date":"2025-05-24T07:45:24","date_gmt":"2025-05-24T05:45:24","guid":{"rendered":"https:\/\/kademo.store\/product\/fass-bar-tanger-s-mauser-tonnenmmoebel-deutsche-moderne-1930er-142\/"},"modified":"2025-10-08T11:07:33","modified_gmt":"2025-10-08T09:07:33","slug":"fass-bar-tanger-s-mauser-tonnenmmoebel-deutsche-moderne-1930er-142","status":"publish","type":"product","link":"https:\/\/kademo.store\/de\/produkt\/fass-bar-tanger-s-mauser-tonnenmmoebel-deutsche-moderne-1930er-142\/","title":{"rendered":"Tonnen-Tischbar Tanger\/S von Mauser &#8211; Deutsche Moderne, ca. 1939"},"content":{"rendered":"<p>Dieses seltene Barm\u00f6belst\u00fcck stammt aus der legend\u00e4ren Tonnenm\u00f6bel-Serie der Alfons Mauser Werke, die ab 1939 in Waldeck produziert und unter dem Modellnamen Bar\/Tanger S vertrieben wurde. Die Modelle dieser Serie wurden nach deutschen und internationalen St\u00e4dten wie K\u00f6ln, Frankfurt, Berlin oder London benannt.<\/p><p>Die Tonnenm\u00f6bel wurden bereits Ende der 1930er Jahre entworfen, doch aufgrund der Kriegsjahre erfolgte ihre eigentliche Serienfertigung vornehmlich ab den 1950er Jahren. In dieser Zeit entwickelte sich die Serie zu einer der bekanntesten Linien der Firma Mauser: In den Chefetagen von Werbeagenturen, Filmproduzenten und Industrieunternehmen galten sie als Ausdruck eines zur\u00fcckhaltenden Repr\u00e4sentationsstils in der jungen Bundesrepublik. Auch der Filmproduzent Atze Brauner nutzte in seinem B\u00fcro M\u00f6bel aus der Tonnenm\u00f6bel-Serie von Mauser.<\/p><p>Der hier angebotene Bar-Tisch befindet sich im Originalzustand mit sch\u00f6ner Patina. Der zylindrische Korpus besteht aus schwarz lackiertem Stahlblech und ist mit drei umlaufenden Aluminium-Zierringen versehen. Die runde Tischplatte ist mit original erhaltenem grauem Linoleum belegt. Im Inneren befindet sich ein schwenkbares Barfach mit rotem Filzbelag, das sich \u00fcber einen mechanischen Drehverschluss \u00f6ffnen l\u00e4sst\u2013 ein elegantes und funktionales Detail, gefertigt mit hoher Pr\u00e4zision.<\/p><p>Das M\u00f6bel steht exemplarisch f\u00fcr den Zeitgeist des aufstrebenden Nachkriegsdeutschlands und ist ein Zeugnis deutscher Designgeschichte.<\/p><p>Das auf den Fotos gezeigte Ensemble kombiniert diesen fr\u00fchen Tanger\/S Tisch mit einem typischen Beispiel der deutschen Stromlinienmoderne der 1950er Jahre. Den passenden Sessel finden Sie hier:<\/p><p><a href=\"https:\/\/kademo.store\/de\/stromlinienformige-stahlrohr-sessel-1952-050\/\" target=\"_blank\" rel=\"noopener\"><strong>https:\/\/kademo.store\/de\/stromlinienformige-stahlrohr-sessel-1952-050\/<\/strong><\/a><\/p>","protected":false},"excerpt":{"rendered":"Original Mauser Lauftisch, Modell Tanger\/S, aus der legend\u00e4ren Tonnenm\u00f6bel-Serie, hergestellt um 1939. Ein seltenes Beispiel des deutschen Modernismus.","protected":false},"featured_media":21191,"template":"","tags":[],"product-category":[363],"product-country":[360],"product-designer":[],"product-manufacturer":[364],"product-series":[],"product-style":[390],"class_list":["post-21190","product","type-product","status-publish","has-post-thumbnail","hentry","product-category-tische","product-country-deutschland","product-manufacturer-alfons-mauser-werke-waldeck","product-style-german-modernism"],"acf":[],"aioseo_notices":[],"_links":{"self":[{"href":"https:\/\/kademo.store\/de\/wp-json\/wp\/v2\/product\/21190","targetHints":{"allow":["GET"]}}],"collection":[{"href":"https:\/\/kademo.store\/de\/wp-json\/wp\/v2\/product"}],"about":[{"href":"https:\/\/kademo.store\/de\/wp-json\/wp\/v2\/types\/product"}],"version-history":[{"count":1,"href":"https:\/\/kademo.store\/de\/wp-json\/wp\/v2\/product\/21190\/revisions"}],"predecessor-version":[{"id":22605,"href":"https:\/\/kademo.store\/de\/wp-json\/wp\/v2\/product\/21190\/revisions\/22605"}],"wp:featuredmedia":[{"embeddable":true,"href":"https:\/\/kademo.store\/de\/wp-json\/wp\/v2\/media\/21191"}],"wp:attachment":[{"href":"https:\/\/kademo.store\/de\/wp-json\/wp\/v2\/media?parent=21190"}],"wp:term":[{"taxonomy":"post_tag","embeddable":true,"href":"https:\/\/kademo.store\/de\/wp-json\/wp\/v2\/tags?post=21190"},{"taxonomy":"product-category","embeddable":true,"href":"https:\/\/kademo.store\/de\/wp-json\/wp\/v2\/product-category?post=21190"},{"taxonomy":"product-country","embeddable":true,"href":"https:\/\/kademo.store\/de\/wp-json\/wp\/v2\/product-country?post=21190"},{"taxonomy":"product-designer","embeddable":true,"href":"https:\/\/kademo.store\/de\/wp-json\/wp\/v2\/product-designer?post=21190"},{"taxonomy":"product-manufacturer","embeddable":true,"href":"https:\/\/kademo.store\/de\/wp-json\/wp\/v2\/product-manufacturer?post=21190"},{"taxonomy":"product-series","embeddable":true,"href":"https:\/\/kademo.store\/de\/wp-json\/wp\/v2\/product-series?post=21190"},{"taxonomy":"product-style","embeddable":true,"href":"https:\/\/kademo.store\/de\/wp-json\/wp\/v2\/product-style?post=21190"}],"curies":[{"name":"wp","href":"https:\/\/api.w.org\/{rel}","templated":true}]}}